{"id":1368,"date":"2022-06-06T15:04:02","date_gmt":"2022-06-06T14:04:02","guid":{"rendered":"https:\/\/semig.hr\/?page_id=1368"},"modified":"2023-05-29T11:58:24","modified_gmt":"2023-05-29T10:58:24","slug":"about-us","status":"publish","type":"page","link":"https:\/\/semig.hr\/hr\/about-us\/","title":{"rendered":"O nama"},"content":{"rendered":"<p class=\"has-medium-font-size\"><strong>S.E.M.I.G. d.o.o. <\/strong><\/p>\n\n\n\n<p class=\"has-medium-font-size\">PROIZVODNJA, SERVIS I PRODAJA NOVIH I RABLJENIH ALATNIH STROJEVA I STROJEVA ZA OBRADU LIMA<\/p>\n\n\n\n<p class=\"has-medium-font-size\">S.E.M.I.G. is a company founded in Zagreb, Croatia (Hrvatska) in 1991, which has been operating continuously since then, and we can boast that in 2021 we celebrated 30 years of the company&#8217;s work!<\/p>\n\n\n\n<p class=\"has-medium-font-size\">Osnovna djelatnost tvrtke je prodaja novih i rabljenih alatnih strojeva i strojeva za obradu lima, kao i servisiranje strojeva. U suradnji s vanjskim partnerima nudimo Vam opremu, tehni\u010dka rje\u0161enja, podr\u0161ku i usluge. Sporedna djelatnost tvrtke je proizvodnja specijalnih strojeva, proizvodnja strojeva i usluge strojne obrade po zahtjevu kupaca. Prodajnom uspjehu i zadovoljstvu kupaca doprinose postprodajne usluge, garancije na strojeve, kvalitetne i brze usluge te savjetovanja kupaca.<\/p>\n\n\n\n<p class=\"has-medium-font-size\">Podaci o pravnoj osobi: <a href=\"https:\/\/semig.hr\/hr\/imprint\/\" data-type=\"URL\" data-id=\"https:\/\/semig.hr\/imprint\/\">Imprint<\/a><\/p>\n\n\n\n<p class=\"has-medium-font-size\">Slobodno nas kontaktirajte za vi\u0161e informacija, veselimo se va\u0161em pozivu.<\/p>\n\n\n\n<div style=\"height:40px\" aria-hidden=\"true\" class=\"wp-block-spacer\"><\/div>","protected":false},"excerpt":{"rendered":"<p>S.E.M.I.G. d.o.o. PRODUCTION, SERVICE AND SALE OF NEW AND USED MACHINE TOOLS AND SHEET METAL WORKING MACHINES S.E.M.I.G. is a company founded in Zagreb, Croatia (Hrvatska) in 1991, which has been operating continuously since then, and we can boast that in 2021 we celebrated 30 years of the company&#8217;s work! The main activity of the [&hellip;]<\/p>\n","protected":false},"author":1,"featured_media":0,"parent":0,"menu_order":0,"comment_status":"closed","ping_status":"closed","template":"","meta":{"iawp_total_views":277,"footnotes":""},"class_list":["post-1368","page","type-page","status-publish","hentry","entry"],"_links":{"self":[{"href":"https:\/\/semig.hr\/hr\/wp-json\/wp\/v2\/pages\/1368","targetHints":{"allow":["GET"]}}],"collection":[{"href":"https:\/\/semig.hr\/hr\/wp-json\/wp\/v2\/pages"}],"about":[{"href":"https:\/\/semig.hr\/hr\/wp-json\/wp\/v2\/types\/page"}],"author":[{"embeddable":true,"href":"https:\/\/semig.hr\/hr\/wp-json\/wp\/v2\/users\/1"}],"replies":[{"embeddable":true,"href":"https:\/\/semig.hr\/hr\/wp-json\/wp\/v2\/comments?post=1368"}],"version-history":[{"count":0,"href":"https:\/\/semig.hr\/hr\/wp-json\/wp\/v2\/pages\/1368\/revisions"}],"wp:attachment":[{"href":"https:\/\/semig.hr\/hr\/wp-json\/wp\/v2\/media?parent=1368"}],"curies":[{"name":"wp","href":"https:\/\/api.w.org\/{rel}","templated":true}]}}