{"id":1379,"date":"2022-06-06T15:32:54","date_gmt":"2022-06-06T14:32:54","guid":{"rendered":"https:\/\/semig.hr\/?page_id=1379"},"modified":"2022-07-11T20:42:36","modified_gmt":"2022-07-11T19:42:36","slug":"references","status":"publish","type":"page","link":"https:\/\/semig.hr\/hr\/references\/","title":{"rendered":"Reference"},"content":{"rendered":"<h2 class=\"has-medium-font-size wp-block-heading\">Odabrane reference tvrtki s kojima smo sura\u0111ivali u zadnjih 30 godina:<\/h2>\n\n\n\n<div style=\"height:30px\" aria-hidden=\"true\" class=\"wp-block-spacer\"><\/div>\n\n\n\n<div class=\"wp-block-columns is-layout-flex wp-container-core-columns-is-layout-9d6595d7 wp-block-columns-is-layout-flex\">\n<div class=\"wp-block-column is-layout-flow wp-block-column-is-layout-flow\">\n<p class=\"has-medium-font-size\">Adria stroj, Split<br>Adria Winch, Split<br>Adria Zagorje, Zagreb<br>Agis Zavore, Slovenija<br>Agroservis proizvodnja, Virovitica<br>Alatnica Antolkovi\u0107, Sv. Ivan Zelina<br>Aluferit gra\u0111enje, Pitoma\u010da<br>Atelier Goi\u0107, Nere\u017ei\u0161\u0107a<br>BDF servis, Hum na sutli<br>Beton Lu\u010dko, Zagreb<br>BM-Iron, Mikanovci<br>Brinovec, Slovenija<br>Dalekovod, Velika Gorica<br>DH plastenici, Pitoma\u010da<br>DOK ing, Zagreb<br>Duhan produkt, Pitoma\u010da<br>Duhanka, Zagreb<br>\u0110uro \u0110akovi\u0107 Alatnica, Slavonski Brod<br>\u0110uro \u0110akovi\u0107 TEP, Slavonski Brod<br>Eloda, Zagreb<br>Engo &#8211; putna signalizaija, BiH<br>Fermat, \u010ce\u0161ka<br>Fero-metal, Nede\u0161\u0107ina<br>Feroimpex, Zagreb<br>Frech, Njema\u010dka<br>Fridrih, Dumovec<br>GP \u0160piljak,Hum na Sutli<br>Grega Barli\u010d, Slovenija<br>Gruba, Poljska<br>Hahn automation, Zagreb<br>HEP, Zagreb<br>Herbas, Pitoma\u010da<br>Hidraulika Kurelja, Donja Stubica<br>Hittner, Bjelovar<br>iForm, BiH<br>IMPK, Ivani\u0107 grad<br>Itas, Ivanec<br>Ivanal, Lozovac<br>Ivani\u0161 promet, Zagreb<br>Jedinstvo, Krapina<br>Kardan spoj, Preseka<br>KM Alati, Zagreb<br>Koenig Metal, Pisarovina<br>Kolman, Donja zelina<br>Kon\u010dar Alati, Zagreb<br>Kon\u010dar Generatori i motori, Zagreb<br>Kon\u010dar Inem, Zagreb<br>Kon\u010dar Metalne konstrukcije, Zagreb<br>Kontakt-KA, Zagreb<br>Kovinostrugarstvo Gomil\u0161ek, Slovenija<br>Kovinski izdelki Mantel Litija, Slovenija<br>Kralj Metala Kovnica, Pisarovina<br>Lim-mont, Vrbanovac<br>Magma, Po\u017eega<br>Matel Plast, Dugo selo<br>Meguplast, Kladje<\/p>\n<\/div>\n\n\n\n<div class=\"wp-block-column is-layout-flow wp-block-column-is-layout-flow\">\n<p class=\"has-medium-font-size\">Metafleks, Novska<br>Metal servis TAD, Bjelovar<br>Metal Sint, Oklaj<br>Metallon, Trna\u0161ica<br>Metalni proizvodi i njihovi sklopovi, Donja Lomnica<br>MGT vl. Horvat, Oroslavlje<br>Nobilis, Osijek<br>Obrt Lazar, Gradi\u0161te<br>OMV-Indoil, Zagreb<br>Optima SI, Slovenija<br>Orlikon, Osijek<br>Plastmet, Zagreb<br>Plastoflex, BiH<br>Poljoopskrba, Zagreb<br>Prima, Bjelovar<br>Prima, Labin<br>Prirodno Matemati\u010dki Fakultet, Zagreb<br>Proreg, Zagreb<br>Prvomajska, Zagreb<br>PS Tehnik, Solin<br>Pu\u010dnik, Slovenija<br>Punkt-Prom, Zagreb<br>Remihc, \u0160panjolska<br>Remont i odr\u017eavanje pruge H\u017d, Zagreb<br>RIZ-Oda\u0161ilja\u010di, Zagreb<br>Scalap Pelagi\u0107evo, BiH<br>\u0160ela, Zagreb<br>Sever-trade, Rakitovec<br>Siget, Zagreb<br>\u0160kamp, Pula<br>Sor Medex, Oriovac<br>Srednja \u0161kola D. Stra\u017eimira, Zelina<br>Starco, Beli Manastir<br>Stramar CNC, Prelog<br>Stra\u017ea-IMO, Hum na Sutli<br>Stroj commerce, Zagreb<br>Strojarstvo Branilovi\u0107 d.o.o.<br>Strojna obrada metal Lendrec, Donja Stubica<br>Stru\u010dni studiji, Sveu\u010dili\u0161te, Split<br>STS Tech, Mursko Sredi\u0161\u010de<br>\u0160umoopskrba, Zagreb<br>Szekely es Tarsa, Ma\u0111arska<br>Tekum, Zagreb<br>Tiskara Horvat, Bjelovar<br>Tractorpro, Sv. Ivan Zelina<br>Trgometal, \u017dminj<br>Union, Slovenija<br>Uniplast, Srbija<br>Vargon, Rijeka<br>Vedri\u0161, Bjelovar<br>Veleu\u010dili\u0161te, Split<br>Viking, Zagreb<br>VJ-eko, Slunj<br>Vodotehnika, Zagreb<br>Wiena grupa, Zagreb<br>\u017dupanijske ceste, Zagreb<br>&#8230;<\/p>\n<\/div>\n<\/div>\n\n\n\n<p class=\"has-medium-font-size\">te mnogi drugi kojima se ovim putem zahvaljujemo na ukazanom povjerenju!<\/p>\n\n\n\n<div style=\"height:30px\" aria-hidden=\"true\" class=\"wp-block-spacer\"><\/div>","protected":false},"excerpt":{"rendered":"<p>Selected references of companies we have worked with in the last 30+ years: Adria stroj, SplitAdria Winch, SplitAdria Zagorje, ZagrebAgis Zavore, SlovenijaAgroservis proizvodnja, ViroviticaAlatnica Antolkovi\u0107, Sv. Ivan ZelinaAluferit gra\u0111enje, Pitoma\u010daAtelier Goi\u0107, Nere\u017ei\u0161\u0107aBDF servis, Hum na sutliBeton Lu\u010dko, ZagrebBM-Iron, MikanovciBrinovec, SlovenijaDalekovod, Velika GoricaDH plastenici, Pitoma\u010daDOK ing, ZagrebDuhan produkt, Pitoma\u010daDuhanka, Zagreb\u0110uro \u0110akovi\u0107 Alatnica, Slavonski Brod\u0110uro \u0110akovi\u0107 TEP, [&hellip;]<\/p>\n","protected":false},"author":1,"featured_media":0,"parent":0,"menu_order":0,"comment_status":"closed","ping_status":"closed","template":"","meta":{"iawp_total_views":116,"footnotes":""},"class_list":["post-1379","page","type-page","status-publish","hentry","entry"],"_links":{"self":[{"href":"https:\/\/semig.hr\/hr\/wp-json\/wp\/v2\/pages\/1379","targetHints":{"allow":["GET"]}}],"collection":[{"href":"https:\/\/semig.hr\/hr\/wp-json\/wp\/v2\/pages"}],"about":[{"href":"https:\/\/semig.hr\/hr\/wp-json\/wp\/v2\/types\/page"}],"author":[{"embeddable":true,"href":"https:\/\/semig.hr\/hr\/wp-json\/wp\/v2\/users\/1"}],"replies":[{"embeddable":true,"href":"https:\/\/semig.hr\/hr\/wp-json\/wp\/v2\/comments?post=1379"}],"version-history":[{"count":0,"href":"https:\/\/semig.hr\/hr\/wp-json\/wp\/v2\/pages\/1379\/revisions"}],"wp:attachment":[{"href":"https:\/\/semig.hr\/hr\/wp-json\/wp\/v2\/media?parent=1379"}],"curies":[{"name":"wp","href":"https:\/\/api.w.org\/{rel}","templated":true}]}}