{"id":1389,"date":"2022-06-07T16:14:13","date_gmt":"2022-06-07T15:14:13","guid":{"rendered":"https:\/\/semig.hr\/?page_id=1389"},"modified":"2022-07-05T23:51:56","modified_gmt":"2022-07-05T22:51:56","slug":"services","status":"publish","type":"page","link":"https:\/\/semig.hr\/hr\/services\/","title":{"rendered":"Usluge"},"content":{"rendered":"<h1 class=\"has-medium-font-size wp-block-heading\">Na\u0161im klijentima nudimo sljede\u0107e usluge:<\/h1>\n\n\n\n<p class=\"has-medium-font-size\">Usluge u trgovini alatnim strojevima:<\/p>\n\n\n\n<ul class=\"has-medium-font-size wp-block-list\"><li>zastupanje proizvo\u0111a\u010da strojeva, prodaja novih strojeva<\/li><li>kupnja i prodaja rabljenih strojeva<\/li><li>procjene vrijednosti rabljenih strojeva<\/li><li>defekta\u017ea kvara strojeva<\/li><li>usluge utova i istovara strojeva kod transporta:<\/li><\/ul>\n\n\n\n<ul class=\"has-medium-font-size wp-block-list\"><li>Raspola\u017eemo sa:<ul><li>Vili\u010darima 8 tona, 5 tona, 2.5 tona,<\/li><li>ru\u010dnim dizalicama 20 tona, 10 tona, 5 tona,<\/li><li>specijalnim transportnim valjcima za transport strojeva unutar hala<\/li><\/ul><\/li><\/ul>\n\n\n\n<p class=\"has-medium-font-size\"><strong>Popravak strojeva<\/strong><\/p>\n\n\n\n<ul class=\"has-medium-font-size wp-block-list\"><li>Servis i generalni popravci alatnih strojeva i strojeva za obradu lima<\/li><li>Remont klasi\u010dnih i numeri\u010dkih strojeva: glodalica, borverka, tokarilica, karusela, bu\u0161ilica, brusilica, obradnih centara<\/li><li>Ugradnja novih numeri\u010dki upravljanih jedinica (CNC): Heidenhain, Siemens<\/li><\/ul>\n\n\n\n<div style=\"height:40px\" aria-hidden=\"true\" class=\"wp-block-spacer\"><\/div>","protected":false},"excerpt":{"rendered":"<p>We offer our clients the following services: Services in the trade of machine tools: representation of machine manufacturers, sale of new machines purchase and sale of used machines evaluations of used machines machine defect detection the service of loading and unloading machines during transport: We have at our disposal: 8 ton, 5 ton, 2.5 ton [&hellip;]<\/p>\n","protected":false},"author":1,"featured_media":0,"parent":0,"menu_order":0,"comment_status":"closed","ping_status":"closed","template":"","meta":{"iawp_total_views":187,"footnotes":""},"class_list":["post-1389","page","type-page","status-publish","hentry","entry"],"_links":{"self":[{"href":"https:\/\/semig.hr\/hr\/wp-json\/wp\/v2\/pages\/1389","targetHints":{"allow":["GET"]}}],"collection":[{"href":"https:\/\/semig.hr\/hr\/wp-json\/wp\/v2\/pages"}],"about":[{"href":"https:\/\/semig.hr\/hr\/wp-json\/wp\/v2\/types\/page"}],"author":[{"embeddable":true,"href":"https:\/\/semig.hr\/hr\/wp-json\/wp\/v2\/users\/1"}],"replies":[{"embeddable":true,"href":"https:\/\/semig.hr\/hr\/wp-json\/wp\/v2\/comments?post=1389"}],"version-history":[{"count":0,"href":"https:\/\/semig.hr\/hr\/wp-json\/wp\/v2\/pages\/1389\/revisions"}],"wp:attachment":[{"href":"https:\/\/semig.hr\/hr\/wp-json\/wp\/v2\/media?parent=1389"}],"curies":[{"name":"wp","href":"https:\/\/api.w.org\/{rel}","templated":true}]}}