{"id":1393,"date":"2022-06-07T16:20:42","date_gmt":"2022-06-07T15:20:42","guid":{"rendered":"https:\/\/semig.hr\/?page_id=1393"},"modified":"2022-10-19T18:51:45","modified_gmt":"2022-10-19T17:51:45","slug":"new-machines","status":"publish","type":"page","link":"https:\/\/semig.hr\/hr\/new-machines\/","title":{"rendered":"Novi strojevi"},"content":{"rendered":"<h2 class=\"has-medium-font-size wp-block-heading\"><strong>Zastupamo slijede\u0107e proizvo\u0111a\u010de strojeva na Hrvatskom tr\u017ei\u0161tu<\/strong><\/h2>\n\n\n\n<figure class=\"wp-block-image size-full\"><img loading=\"lazy\" decoding=\"async\" width=\"800\" height=\"400\" src=\"https:\/\/semig.hr\/sem-media\/0logosi800x400.jpg\" alt=\"\" class=\"wp-image-1416\" srcset=\"https:\/\/semig.hr\/sem-media\/0logosi800x400.jpg 800w, https:\/\/semig.hr\/sem-media\/0logosi800x400-300x150.jpg 300w, https:\/\/semig.hr\/sem-media\/0logosi800x400-768x384.jpg 768w\" sizes=\"auto, (max-width: 800px) 100vw, 800px\" \/><\/figure>\n\n\n\n<h1 class=\"wp-block-heading\">Mo\u017eemo Vam ponuditi nove alatne strojeve <\/h1>\n\n\n\n<h1 class=\"wp-block-heading\">za odvajanjem \u010destica:<\/h1>\n\n\n\n<ul class=\"has-medium-font-size wp-block-list\"><li>CNC glodalice i obradni centri vertikalni, horizontalni, portalni, krevetni<\/li><li>CNC horizontalne glodalice bu\u0161ilice (Borverci) i obradni centri<\/li><li>CNC horizontalne tokarilice i tokarski centri<\/li><li>CNC vertikalne tokarilice (karuseli)<\/li><li>CNC gravirke za metal, drvo, plastiku...<\/li><li>CNC brusilice kru\u017ene i planske<\/li><li>CNC strojevi za izradu zup\u010danika<\/li><li>Tra\u010dne pile i cirkularne pile, ra\u010dne, polu-automatske, automatske CNC<\/li><\/ul>\n\n\n\n<h1 class=\"wp-block-heading\">za deformiranje lima:<\/h1>\n\n\n\n<ul class=\"has-medium-font-size wp-block-list\"><li>CNC Kutne savija\u010dice (Apkant pre\u0161e)<\/li><li>CNC hidrauli\u010dne \u0161kare<\/li><li>Hidrauli\u010dne i mehani\u010dke pre\u0161e, ru\u010dne i CNC<\/li><li>CNC plazma i oxy reza\u010dice<\/li><li>CNC Fiber lasers<\/li><li>CNC strojevi za izradu prometnih znakova<\/li><\/ul>\n\n\n\n<h1 class=\"wp-block-heading\">Pribor strojeva: <\/h1>\n\n\n\n<ul class=\"has-medium-font-size wp-block-list\"><li>Stezne glave za tokarilice (amerikaneri)<\/li><\/ul>\n\n\n\n<div style=\"height:40px\" aria-hidden=\"true\" class=\"wp-block-spacer\"><\/div>\n\n\n\n<p class=\"has-medium-font-size\">Kontaktirajte nas za vi\u0161e informacija ili nam po\u0161aljite konkretan upit.<br><br>Mo\u017eemo Vas savjetovati u tehni\u010dkim i ekonomskim pitanjima.<br><br>Nudimo i kompletnu uslugu klju\u010d u ruke prodaje strojeva, <br>kao i otkup strojeva \"staro za novo\".<\/p>\n\n\n\n<div style=\"height:10px\" aria-hidden=\"true\" class=\"wp-block-spacer\"><\/div>\n\n\n\n<div class=\"wp-block-buttons alignwide is-content-justification-center is-layout-flex wp-container-core-buttons-is-layout-16018d1d wp-block-buttons-is-layout-flex\">\n<div class=\"wp-block-button has-custom-width wp-block-button__width-50 is-style-fill\"><a class=\"wp-block-button__link has-vivid-cyan-blue-background-color has-background\" href=\"mailto:info@semig.hr\" style=\"border-radius:15px\">Po\u0161alji upit<\/a><\/div>\n<\/div>\n\n\n\n<div style=\"height:10px\" aria-hidden=\"true\" class=\"wp-block-spacer\"><\/div>\n\n\n\n<div style=\"height:40px\" aria-hidden=\"true\" class=\"wp-block-spacer\"><\/div>","protected":false},"excerpt":{"rendered":"<p>New milling machines, turning machines, grinding machines, engraving machines, band saws, cylindrical saws, press brakes and shears, plasma and laser cutting machines<\/p>","protected":false},"author":1,"featured_media":0,"parent":0,"menu_order":0,"comment_status":"closed","ping_status":"closed","template":"","meta":{"iawp_total_views":462,"footnotes":""},"class_list":["post-1393","page","type-page","status-publish","hentry","entry"],"_links":{"self":[{"href":"https:\/\/semig.hr\/hr\/wp-json\/wp\/v2\/pages\/1393","targetHints":{"allow":["GET"]}}],"collection":[{"href":"https:\/\/semig.hr\/hr\/wp-json\/wp\/v2\/pages"}],"about":[{"href":"https:\/\/semig.hr\/hr\/wp-json\/wp\/v2\/types\/page"}],"author":[{"embeddable":true,"href":"https:\/\/semig.hr\/hr\/wp-json\/wp\/v2\/users\/1"}],"replies":[{"embeddable":true,"href":"https:\/\/semig.hr\/hr\/wp-json\/wp\/v2\/comments?post=1393"}],"version-history":[{"count":0,"href":"https:\/\/semig.hr\/hr\/wp-json\/wp\/v2\/pages\/1393\/revisions"}],"wp:attachment":[{"href":"https:\/\/semig.hr\/hr\/wp-json\/wp\/v2\/media?parent=1393"}],"curies":[{"name":"wp","href":"https:\/\/api.w.org\/{rel}","templated":true}]}}